{"id":410,"date":"2021-06-26T15:15:21","date_gmt":"2021-06-26T12:15:21","guid":{"rendered":"http:\/\/farmerziraat.com\/company\/"},"modified":"2021-07-04T23:36:01","modified_gmt":"2021-07-04T20:36:01","slug":"company","status":"publish","type":"page","link":"https:\/\/www.farmerziraat.com\/en\/company\/","title":{"rendered":"Company"},"content":{"rendered":"<p>As Farmer Ziraat, our company was established in 2021 as a result of more than 10 years of experience. Our company, which was established as a subsidiary of Taviller and TavillerHidroliftsan, started its activities in the Organized Industrial Zone of Ayd\u0131n Province S\u00f6ke District.<\/p>\n\n<p>Production of Agricultural and Livestock machinery and equipment, especially advanced technology tillage and cultivation, is carried out in its factory with a closed area of \u200b\u200b5000 m2 in S\u00f6ke Organized Industry with its expert engineers and technical staff.<\/p>\n\n<p>It has undertaken to increase customer awareness about agricultural mechanization practices and to offer optimum solutions with the highest efficiency. Farmer uses all its resources to continuously improve the knowledge, competence and satisfaction of each member of his team. It aims to implement effective productivity management with respect to the environment and creative mind.<\/p>\n\n<p>&#8211; Being a pioneer in the sector in terms of quality and diversity<\/p>\n\n<p>&#8211; Introducing Turkey to the world in the agricultural machinery sector<\/p>\n\n<p>&#8211; Seeing our stakeholders as solution partners<\/p>\n\n<p>&#8211; Keeping customer satisfaction at the highest level<\/p>\n\n<p>&#8211; Increasing its competitive power by transforming its technology into new and developing world technology<\/p>\n\n<p>&#8211; Reducing poor quality costs and increasing profitability<\/p>\n\n<p>\u2013 Identifying and evaluating possible risks with risk-oriented process analyzes and spreading the risk-based process approach to all employees in the company by bringing them to an acceptable level with standard controls<\/p>\n\n<p>\u2013 To ensure the participation of all employees by disseminating quality tools through continuous improvement studies<\/p>\n\n<p>Our corporate promotional film<\/p>\n<figure class=\"wp-block-embed is-type-video is-provider-youtube wp-block-embed-youtube wp-embed-aspect-16-9 wp-has-aspect-ratio\"><div class=\"wp-block-embed__wrapper\">\r\n<iframe title=\"FARMER AGRICULTURAL FACTORY\" width=\"800\" height=\"450\" src=\"https:\/\/www.youtube.com\/embed\/3bKWV4DmL5s?feature=oembed\" frameborder=\"0\" allow=\"accelerometer; autoplay; clipboard-write; encrypted-media; gyroscope; picture-in-picture\" allowfullscreen><\/iframe>\r\n<\/div><\/figure>\r\n\n<p><strong>From Fairs<\/strong><\/p>\n<figure class=\"wp-block-embed is-type-video is-provider-youtube wp-block-embed-youtube wp-embed-aspect-16-9 wp-has-aspect-ratio\"><div class=\"wp-block-embed__wrapper\">\r\n<iframe title=\"Cafer \u00c7al\u0131\u015fkan, General Manager of Farmer Agricultural Appliances - Agro TV Fair Special\" width=\"800\" height=\"450\" src=\"https:\/\/www.youtube.com\/embed\/vlcZ6T-W4ic?feature=oembed\" frameborder=\"0\" allow=\"accelerometer; autoplay; clipboard-write; encrypted-media; gyroscope; picture-in-picture\" allowfullscreen><\/iframe>\r\n<\/div><\/figure>","protected":false},"excerpt":{"rendered":"<p>As Farmer Ziraat, our company was established in 2021 as a result of more than 10 years of experience. Our company, which was established as a subsidiary of Taviller and TavillerHidroliftsan, started its activities in the Organized Industrial Zone of Ayd\u0131n Province S\u00f6ke District. Production of Agricultural and Livestock machinery and equipment, especially advanced technology [&hellip;]<\/p>","protected":false},"author":1,"featured_media":390,"parent":0,"menu_order":0,"comment_status":"closed","ping_status":"closed","template":"","meta":{"footnotes":""},"class_list":["post-410","page","type-page","status-publish","has-post-thumbnail","hentry"],"_links":{"self":[{"href":"https:\/\/www.farmerziraat.com\/en\/wp-json\/wp\/v2\/pages\/410","targetHints":{"allow":["GET"]}}],"collection":[{"href":"https:\/\/www.farmerziraat.com\/en\/wp-json\/wp\/v2\/pages"}],"about":[{"href":"https:\/\/www.farmerziraat.com\/en\/wp-json\/wp\/v2\/types\/page"}],"author":[{"embeddable":true,"href":"https:\/\/www.farmerziraat.com\/en\/wp-json\/wp\/v2\/users\/1"}],"replies":[{"embeddable":true,"href":"https:\/\/www.farmerziraat.com\/en\/wp-json\/wp\/v2\/comments?post=410"}],"version-history":[{"count":4,"href":"https:\/\/www.farmerziraat.com\/en\/wp-json\/wp\/v2\/pages\/410\/revisions"}],"predecessor-version":[{"id":615,"href":"https:\/\/www.farmerziraat.com\/en\/wp-json\/wp\/v2\/pages\/410\/revisions\/615"}],"wp:featuredmedia":[{"embeddable":true,"href":"https:\/\/www.farmerziraat.com\/en\/wp-json\/wp\/v2\/media\/390"}],"wp:attachment":[{"href":"https:\/\/www.farmerziraat.com\/en\/wp-json\/wp\/v2\/media?parent=410"}],"curies":[{"name":"wp","href":"https:\/\/api.w.org\/{rel}","templated":true}]}}