{"id":10,"date":"2021-05-07T17:44:08","date_gmt":"2021-05-07T14:44:08","guid":{"rendered":"http:\/\/yeni.farmerziraat.com\/?page_id=10"},"modified":"2025-07-06T14:15:45","modified_gmt":"2025-07-06T11:15:45","slug":"kurumsal","status":"publish","type":"page","link":"https:\/\/www.farmerziraat.com\/en\/kurumsal\/","title":{"rendered":"About Us"},"content":{"rendered":"<p><strong>Farmer Ziraat&nbsp;<\/strong>our company was established in 2021 after more than 12 years of experience. Our company started its activities in the Organized Industrial Zone of S\u00f6ke district of Ayd\u0131n Province. It has opened its second factory within 3 years, blended its experience and professionalism with its 10,000 m2 production area and made investments for the future, and is taking firm steps with the effort to become a valuable brand.<\/p>\n\n\n\n<p>The production of advanced technology soil processing and planting, especially agricultural and livestock machinery and equipment is carried out in its factory with a closed area of \u200b\u200b10,000 m2 in S\u00f6ke Organized Industrial Zone with its expert engineers and technical staff.<\/p>\n\n\n\n<p>It has undertaken to increase customer awareness about agricultural mechanization practices and to offer optimum solutions with the highest efficiency. Farmer uses all its resources to continuously improve the knowledge, competence and satisfaction of each member of his team. It aims to implement effective productivity management with respect to the environment and creative mind.<\/p>\n\n\n\n<p>Our company has made it its duty to increase customer awareness about agricultural mechanization applications and to offer optimum solutions with the highest efficiency.&nbsp;<strong>Farmer Ziraat<\/strong>, which we established with an export focus, has achieved great success in a short time. Our company, which exports all of our products in our product groups, especially the Laser Leveling Machine, to European and Turkic Republics countries, has become a well-known brand in Turkey with both the employment it provides and the instant spare parts supply to our farmers.<\/p>\n\n\n\n<p><strong>Farmer Ziraat&nbsp;<\/strong>has reached a dealer network of 35 in Turkey and we export to 45 countries abroad. We can find raw materials, which are the most important inputs of production, and we continue our production in 2024 with an export figure of 85%. It continues its successful field trials and R&amp;D studies with our new models without slowing down. Our company, which is constantly in search of innovation, will always be with our farmers both at home and abroad.<\/p>\n\n\n\n<h3 class=\"wp-block-heading\">Vizyonumuz <\/h3>\n\n\n\n<ul class=\"wp-block-list\">\n<li>Ziraat aletleri \u00fcretiminde Bilin\u00e7li, E\u011fitimli Personeli ve Etkin Kalite Sistemi ile s\u00fcrekli geli\u015fen,<\/li>\n\n\n\n<li>Modern tar\u0131mda yepyeni deneyimlerin \u00f6n\u00fcn\u00fc a\u00e7arak, daha verimli daha kolay ve kaliteli tar\u0131m\u0131n \u00f6nc\u00fcs\u00fc olmay\u0131 hedefliyoruz,<\/li>\n\n\n\n<li>\u00c7ift\u00e7ilerimizin topraktan daha iyi verim alabilmesi i\u00e7in buraday\u0131z!<\/li>\n\n\n\n<li>Teknolojisini yeni ve geli\u015fen d\u00fcnya teknolojisine d\u00f6n\u00fc\u015ft\u00fcrerek rekabet g\u00fcc\u00fcn\u00fc artt\u0131rmak ve kaliteli makine \u00fcretimi yapmak,<\/li>\n\n\n\n<li>\u00dcr\u00fcn kalitesini ve m\u00fc\u015fteri memnuniyetini art\u0131rmay\u0131,<\/li>\n\n\n\n<li>\u00c7evre kirlili\u011finin \u00f6nlenmesi i\u00e7in faaliyetleri planlamay\u0131, \u00e7evreyi koruma ama\u00e7lar\u0131n\u0131 belirlemeyi ve takip etmeyi,<\/li>\n\n\n\n<li>Tar\u0131m makinalar\u0131 sekt\u00f6r\u00fcnde kaliteli \u00fcretim yaparak, T\u00fcrkiye\u2019yi d\u00fcnyaya duyurmay\u0131 kendine g\u00f6rev edinmi\u015ftir.<\/li>\n<\/ul>\n\n\n\n<h3 class=\"wp-block-heading\">Our Mission<\/h3>\n\n\n\n<ul class=\"wp-block-list\">\n<li>To be a pioneer in the sector in terms of quality and diversity<\/li>\n<\/ul>\n\n\n\n<ul class=\"wp-block-list\">\n<li>To introduce Turkey to the world in the agricultural machinery sector<\/li>\n<\/ul>\n\n\n\n<ul class=\"wp-block-list\">\n<li>To see our stakeholders as solution partners<\/li>\n<\/ul>\n\n\n\n<ul class=\"wp-block-list\">\n<li>To keep customer satisfaction at the highest level<\/li>\n<\/ul>\n\n\n\n<ul class=\"wp-block-list\">\n<li>Teknolojisini yeni ve geli\u015fen d\u00fcnya teknolojisine d\u00f6n\u00fc\u015ft\u00fcre-\u00a0rek rekabet g\u00fcc\u00fcn\u00fc artt\u0131rmak<\/li>\n<\/ul>\n\n\n\n<ul class=\"wp-block-list\">\n<li>To reduce costs and increase profitability<\/li>\n<\/ul>\n\n\n\n<ul class=\"wp-block-list\">\n<li>Risk odakl\u0131 s\u00fcre\u00e7 analizleri ile muhtemel riskleri belirlemek, de\u011ferlendirmek ve standart kontroller ile kabul edilebilir sevi-\u00a0yeye \u00e7ekerek risk tabanl\u0131 proses yakla\u015f\u0131m\u0131n\u0131 \u015firket i\u00e7erisindeki t\u00fcm \u00e7al\u0131\u015fanlara yaymak<\/li>\n<\/ul>\n\n\n\n<ul class=\"wp-block-list\">\n<li>S\u00fcrekli iyile\u015ftirme \u00e7al\u0131\u015fmalar\u0131yla, kalite ara\u00e7lar\u0131n\u0131 yayg\u0131nla\u015ft\u0131-\u00a0r\u0131p t\u00fcm \u00e7al\u0131\u015fanlar\u0131n kat\u0131l\u0131m\u0131n\u0131 sa\u011flamak<\/li>\n<\/ul>\n\n\n\n<p><strong>Our Corporate Promotional Film<\/strong><\/p>\n\n\n\n<figure class=\"wp-block-embed is-type-video is-provider-youtube wp-block-embed-youtube wp-embed-aspect-16-9 wp-has-aspect-ratio\"><div class=\"wp-block-embed__wrapper\">\n<iframe title=\"\u00c7\u0130FT\u00c7\u0130N\u0130N YEN\u0130 Y\u00dcZ\u00dc FARMER Z\u0130RAAT\" width=\"800\" height=\"450\" src=\"https:\/\/www.youtube.com\/embed\/7e7WrS4oCDM?feature=oembed\" frameborder=\"0\" allow=\"accelerometer; autoplay; clipboard-write; encrypted-media; gyroscope; picture-in-picture; web-share\" referrerpolicy=\"strict-origin-when-cross-origin\" allowfullscreen><\/iframe>\n<\/div><\/figure>\n\n\n\n<p><strong>Fair Images<\/strong><\/p>\n\n\n\n<figure class=\"wp-block-embed is-type-video is-provider-youtube wp-block-embed-youtube wp-embed-aspect-16-9 wp-has-aspect-ratio\"><div class=\"wp-block-embed__wrapper\">\n<iframe title=\"FARMER Z\u0130RAAT YEN\u0130 FABR\u0130KASIYLA B\u00dcY\u00dcMEYE DEVAM ED\u0130YOR!\" width=\"800\" height=\"450\" src=\"https:\/\/www.youtube.com\/embed\/RWtwjqACLW8?feature=oembed\" frameborder=\"0\" allow=\"accelerometer; autoplay; clipboard-write; encrypted-media; gyroscope; picture-in-picture; web-share\" referrerpolicy=\"strict-origin-when-cross-origin\" allowfullscreen><\/iframe>\n<\/div><\/figure>","protected":false},"excerpt":{"rendered":"<p>Farmer Ziraat&nbsp;olarak Firmam\u0131z, 12 y\u0131l\u0131 a\u015fk\u0131n bir tecr\u00fcbe sonucu 2021 y\u0131l\u0131nda kurulmu\u015ftur. Firmam\u0131z Ayd\u0131n \u0130li S\u00f6ke il\u00e7esi Organize sanayi b\u00f6lgesinde faaliyetlerine ba\u015flam\u0131\u015ft\u0131r. 3 y\u0131l i\u00e7erisinde ikinci fabrikas\u0131n\u0131 da a\u00e7arak, 10.000 m2&nbsp;\u00fcretim alan\u0131 ile tecr\u00fcbesi ve profesyonelli\u011fini harmanlay\u0131p gelece\u011fe y\u00f6nelik yat\u0131r\u0131mlar yapm\u0131\u015ft\u0131r, de\u011ferli bir marka olma gayretiyle emin ad\u0131mlarla y\u00fcr\u00fcmektedir. \u0130leri teknoloji Toprak \u0130\u015fleme ve ekim [&hellip;]<\/p>","protected":false},"author":1,"featured_media":260,"parent":0,"menu_order":0,"comment_status":"closed","ping_status":"closed","template":"","meta":{"footnotes":""},"class_list":["post-10","page","type-page","status-publish","has-post-thumbnail","hentry"],"_links":{"self":[{"href":"https:\/\/www.farmerziraat.com\/en\/wp-json\/wp\/v2\/pages\/10","targetHints":{"allow":["GET"]}}],"collection":[{"href":"https:\/\/www.farmerziraat.com\/en\/wp-json\/wp\/v2\/pages"}],"about":[{"href":"https:\/\/www.farmerziraat.com\/en\/wp-json\/wp\/v2\/types\/page"}],"author":[{"embeddable":true,"href":"https:\/\/www.farmerziraat.com\/en\/wp-json\/wp\/v2\/users\/1"}],"replies":[{"embeddable":true,"href":"https:\/\/www.farmerziraat.com\/en\/wp-json\/wp\/v2\/comments?post=10"}],"version-history":[{"count":13,"href":"https:\/\/www.farmerziraat.com\/en\/wp-json\/wp\/v2\/pages\/10\/revisions"}],"predecessor-version":[{"id":5539,"href":"https:\/\/www.farmerziraat.com\/en\/wp-json\/wp\/v2\/pages\/10\/revisions\/5539"}],"wp:featuredmedia":[{"embeddable":true,"href":"https:\/\/www.farmerziraat.com\/en\/wp-json\/wp\/v2\/media\/260"}],"wp:attachment":[{"href":"https:\/\/www.farmerziraat.com\/en\/wp-json\/wp\/v2\/media?parent=10"}],"curies":[{"name":"wp","href":"https:\/\/api.w.org\/{rel}","templated":true}]}}